{"id":110,"date":"2016-08-03T08:01:48","date_gmt":"2016-08-03T08:01:48","guid":{"rendered":"http:\/\/themes.pixelwars.org\/theblogger\/default\/?page_id=110"},"modified":"2024-03-09T15:22:24","modified_gmt":"2024-03-09T15:22:24","slug":"kunye","status":"publish","type":"page","link":"https:\/\/ikikapi.com\/index.php\/kunye\/","title":{"rendered":"K\u00fcnye"},"content":{"rendered":"<p>[vc_row][vc_column][vc_column_text]<strong>K\u00fcnye<\/strong><\/p>\n<p>Yap\u0131mc\u0131-Senarist: <strong>Turan Eser<\/strong><\/p>\n<p>Y\u00f6netmen: <strong>Onur Erba\u015f<\/strong><\/p>\n<p>Prod\u00fcksiyon: <strong>Noetic Works<\/strong><\/p>\n<p>M\u00fczik: <strong>\u0130skender Ozan Toprak<\/strong><\/p>\n<p>Seslendirme: <strong>Tolga Bare<\/strong><\/p>\n<p>UNESCO&#8217;nun 41. Genel Konferans\u0131&#8217;nda ald\u0131\u011f\u0131 kararla anma ve kutlama y\u0131ld\u00f6n\u00fcmlerine dahil edilen A\u015f\u0131k Veysel&#8217;in hayat\u0131n\u0131, eserlerini ve d\u00fcnya g\u00f6r\u00fc\u015f\u00fcn\u00fc derinlemesine inceleyen &#8216;\u0130ki Kap\u0131&#8217; isimli belgeselimiz, \u00f6zel g\u00f6sterimlerine devam etmekte. G\u00f6sterim tarihlerine men\u00fcden ula\u015fabilir, yeni bir talep olu\u015fturmak i\u00e7in ileti\u015fim sekmesini kullanabilirsiniz.[\/vc_column_text][\/vc_column][\/vc_row]<\/p>\n","protected":false},"excerpt":{"rendered":"<p>[vc_row][vc_column][vc_column_text]K\u00fcnye Yap\u0131mc\u0131-Senarist: Turan Eser Y\u00f6netmen: Onur Erba\u015f Prod\u00fcksiyon: Noetic Works M\u00fczik: \u0130skender Ozan Toprak Seslendirme: Tolga Bare UNESCO&#8217;nun 41. Genel Konferans\u0131&#8217;nda ald\u0131\u011f\u0131 kararla anma ve kutlama y\u0131ld\u00f6n\u00fcmlerine dahil edilen A\u015f\u0131k Veysel&#8217;in hayat\u0131n\u0131, eserlerini ve d\u00fcnya g\u00f6r\u00fc\u015f\u00fcn\u00fc derinlemesine inceleyen &#8216;\u0130ki Kap\u0131&#8217; isimli belgeselimiz, \u00f6zel g\u00f6sterimlerine devam etmekte. G\u00f6sterim tarihlerine men\u00fcden ula\u015fabilir, yeni bir talep olu\u015fturmak i\u00e7in ileti\u015fim sekmesini kullanabilirsiniz.[\/vc_column_text][\/vc_column][\/vc_row]<\/p>\n","protected":false},"author":1,"featured_media":0,"parent":0,"menu_order":0,"comment_status":"closed","ping_status":"closed","template":"","meta":{"inline_featured_image":false,"footnotes":""},"class_list":["post-110","page","type-page","status-publish","hentry"],"_links":{"self":[{"href":"https:\/\/ikikapi.com\/index.php\/wp-json\/wp\/v2\/pages\/110","targetHints":{"allow":["GET"]}}],"collection":[{"href":"https:\/\/ikikapi.com\/index.php\/wp-json\/wp\/v2\/pages"}],"about":[{"href":"https:\/\/ikikapi.com\/index.php\/wp-json\/wp\/v2\/types\/page"}],"author":[{"embeddable":true,"href":"https:\/\/ikikapi.com\/index.php\/wp-json\/wp\/v2\/users\/1"}],"replies":[{"embeddable":true,"href":"https:\/\/ikikapi.com\/index.php\/wp-json\/wp\/v2\/comments?post=110"}],"version-history":[{"count":5,"href":"https:\/\/ikikapi.com\/index.php\/wp-json\/wp\/v2\/pages\/110\/revisions"}],"predecessor-version":[{"id":2679,"href":"https:\/\/ikikapi.com\/index.php\/wp-json\/wp\/v2\/pages\/110\/revisions\/2679"}],"wp:attachment":[{"href":"https:\/\/ikikapi.com\/index.php\/wp-json\/wp\/v2\/media?parent=110"}],"curies":[{"name":"wp","href":"https:\/\/api.w.org\/{rel}","templated":true}]}}